{"id":652,"date":"2024-10-02T18:40:17","date_gmt":"2024-10-02T16:40:17","guid":{"rendered":"https:\/\/associaciodepuradores.cat\/bahia-del-fangar\/"},"modified":"2024-10-03T08:10:50","modified_gmt":"2024-10-03T06:10:50","slug":"bahia-del-fangar","status":"publish","type":"page","link":"https:\/\/associaciodepuradores.cat\/es\/bahia-del-fangar\/","title":{"rendered":"Bah\u00eda del Fangar"},"content":{"rendered":"\t\t<div data-elementor-type=\"wp-page\" data-elementor-id=\"652\" class=\"elementor elementor-652 elementor-525\" data-elementor-post-type=\"page\">\n\t\t\t\t<div class=\"elementor-element elementor-element-8e6ee0b e-flex e-con-boxed e-con e-parent\" data-id=\"8e6ee0b\" data-element_type=\"container\" data-e-type=\"container\" data-settings=\"{&quot;background_background&quot;:&quot;classic&quot;}\">\n\t\t\t\t\t<div class=\"e-con-inner\">\n\t\t\t\t<div class=\"elementor-element elementor-element-dd893c7 elementor-widget elementor-widget-heading\" data-id=\"dd893c7\" data-element_type=\"widget\" data-e-type=\"widget\" data-widget_type=\"heading.default\">\n\t\t\t\t<div class=\"elementor-widget-container\">\n\t\t\t\t\t<h1 class=\"elementor-heading-title elementor-size-default\">Bah\u00eda del Fangar<\/h1>\t\t\t\t<\/div>\n\t\t\t\t<\/div>\n\t\t\t\t<div class=\"elementor-element elementor-element-bac82dd elementor-widget elementor-widget-heading\" data-id=\"bac82dd\" data-element_type=\"widget\" data-e-type=\"widget\" data-widget_type=\"heading.default\">\n\t\t\t\t<div class=\"elementor-widget-container\">\n\t\t\t\t\t<h2 class=\"elementor-heading-title elementor-size-default\">Clave para la Cr\u00eda de Mejillones y Ostras Risadas en el Delta del Ebro<\/h2>\t\t\t\t<\/div>\n\t\t\t\t<\/div>\n\t\t\t\t\t<\/div>\n\t\t\t\t<\/div>\n\t\t<div class=\"elementor-element elementor-element-a9dcb3d e-flex e-con-boxed elementor-invisible e-con e-parent\" data-id=\"a9dcb3d\" data-element_type=\"container\" data-e-type=\"container\" data-settings=\"{&quot;animation&quot;:&quot;fadeInUp&quot;}\">\n\t\t\t\t\t<div class=\"e-con-inner\">\n\t\t\t\t<div class=\"elementor-element elementor-element-a6749b5 elementor-widget elementor-widget-heading\" data-id=\"a6749b5\" data-element_type=\"widget\" data-e-type=\"widget\" data-widget_type=\"heading.default\">\n\t\t\t\t<div class=\"elementor-widget-container\">\n\t\t\t\t\t<h2 class=\"elementor-heading-title elementor-size-default\">Introducci\u00f3n y ubicaci\u00f3n<\/h2>\t\t\t\t<\/div>\n\t\t\t\t<\/div>\n\t\t\t\t<div class=\"elementor-element elementor-element-7413a4f elementor-widget elementor-widget-text-editor\" data-id=\"7413a4f\" data-element_type=\"widget\" data-e-type=\"widget\" data-widget_type=\"text-editor.default\">\n\t\t\t\t<div class=\"elementor-widget-container\">\n\t\t\t\t\t\t\t\t\t<p>La <strong>Bah\u00eda del Fangar<\/strong>, situada al norte del <strong>Delta del Ebro<\/strong>, en la provincia de Tarragona, en el t\u00e9rmino municipal de <strong>Deltebre<\/strong>. <\/p>\n<p>Es una de las zonas m\u00e1s importantes para la producci\u00f3n de <strong>Mejillones del Delta<\/strong> y <strong>Ostras Rizadas<\/strong>. Esta bah\u00eda, que se extiende por unos <strong>30 km\u00b2<\/strong>, est\u00e1 rodeada casi por completo de tierra, lo que la convierte en un <strong>entorno ideal para la acuicultura<\/strong> gracias a sus aguas tranquilas y ricas en nutrientes. <\/p>\n\t\t\t\t\t\t\t\t<\/div>\n\t\t\t\t<\/div>\n\t\t\t\t<div class=\"elementor-element elementor-element-db1b8a1 elementor-align-center elementor-mobile-align-justify elementor-widget elementor-widget-button\" data-id=\"db1b8a1\" data-element_type=\"widget\" data-e-type=\"widget\" data-widget_type=\"button.default\">\n\t\t\t\t<div class=\"elementor-widget-container\">\n\t\t\t\t\t\t\t\t\t<div class=\"elementor-button-wrapper\">\n\t\t\t\t\t<a class=\"elementor-button elementor-button-link elementor-size-sm elementor-animation-bob\" href=\"https:\/\/maps.app.goo.gl\/KnbRjcCpPUe48Drr8\" target=\"_blank\" rel=\"nofollow noopener\">\n\t\t\t\t\t\t<span class=\"elementor-button-content-wrapper\">\n\t\t\t\t\t\t<span class=\"elementor-button-icon\">\n\t\t\t\t<svg aria-hidden=\"true\" class=\"e-font-icon-svg e-fas-chevron-circle-right\" viewBox=\"0 0 512 512\" xmlns=\"http:\/\/www.w3.org\/2000\/svg\"><path d=\"M256 8c137 0 248 111 248 248S393 504 256 504 8 393 8 256 119 8 256 8zm113.9 231L234.4 103.5c-9.4-9.4-24.6-9.4-33.9 0l-17 17c-9.4 9.4-9.4 24.6 0 33.9L285.1 256 183.5 357.6c-9.4 9.4-9.4 24.6 0 33.9l17 17c9.4 9.4 24.6 9.4 33.9 0L369.9 273c9.4-9.4 9.4-24.6 0-34z\"><\/path><\/svg>\t\t\t<\/span>\n\t\t\t\t\t\t\t\t\t<span class=\"elementor-button-text\">Ver en Google Maps<\/span>\n\t\t\t\t\t<\/span>\n\t\t\t\t\t<\/a>\n\t\t\t\t<\/div>\n\t\t\t\t\t\t\t\t<\/div>\n\t\t\t\t<\/div>\n\t\t\t\t\t<\/div>\n\t\t\t\t<\/div>\n\t\t<div class=\"elementor-element elementor-element-87c4647 e-flex e-con-boxed e-con e-parent\" data-id=\"87c4647\" data-element_type=\"container\" data-e-type=\"container\">\n\t\t\t\t\t<div class=\"e-con-inner\">\n\t\t\t\t<div class=\"elementor-element elementor-element-5446d7d elementor-widget-divider--view-line elementor-widget elementor-widget-divider\" data-id=\"5446d7d\" data-element_type=\"widget\" data-e-type=\"widget\" data-widget_type=\"divider.default\">\n\t\t\t\t<div class=\"elementor-widget-container\">\n\t\t\t\t\t\t\t<div class=\"elementor-divider\">\n\t\t\t<span class=\"elementor-divider-separator\">\n\t\t\t\t\t\t<\/span>\n\t\t<\/div>\n\t\t\t\t\t\t<\/div>\n\t\t\t\t<\/div>\n\t\t\t\t\t<\/div>\n\t\t\t\t<\/div>\n\t\t<div class=\"elementor-element elementor-element-d9c059f e-flex e-con-boxed e-con e-parent\" data-id=\"d9c059f\" data-element_type=\"container\" data-e-type=\"container\">\n\t\t\t\t\t<div class=\"e-con-inner\">\n\t\t<div class=\"elementor-element elementor-element-bd67e00 e-con-full e-flex e-con e-child\" data-id=\"bd67e00\" data-element_type=\"container\" data-e-type=\"container\">\n\t\t\t\t<div class=\"elementor-element elementor-element-9a13e9f elementor-widget elementor-widget-heading\" data-id=\"9a13e9f\" data-element_type=\"widget\" data-e-type=\"widget\" data-widget_type=\"heading.default\">\n\t\t\t\t<div class=\"elementor-widget-container\">\n\t\t\t\t\t<h3 class=\"elementor-heading-title elementor-size-default\">Historia e Importancia Econ\u00f3mica<\/h3>\t\t\t\t<\/div>\n\t\t\t\t<\/div>\n\t\t\t\t<div class=\"elementor-element elementor-element-45f55cc elementor-widget-divider--view-line elementor-widget elementor-widget-divider\" data-id=\"45f55cc\" data-element_type=\"widget\" data-e-type=\"widget\" data-widget_type=\"divider.default\">\n\t\t\t\t<div class=\"elementor-widget-container\">\n\t\t\t\t\t\t\t<div class=\"elementor-divider\">\n\t\t\t<span class=\"elementor-divider-separator\">\n\t\t\t\t\t\t<\/span>\n\t\t<\/div>\n\t\t\t\t\t\t<\/div>\n\t\t\t\t<\/div>\n\t\t\t\t<div class=\"elementor-element elementor-element-5eaea30 elementor-widget elementor-widget-text-editor\" data-id=\"5eaea30\" data-element_type=\"widget\" data-e-type=\"widget\" data-widget_type=\"text-editor.default\">\n\t\t\t\t<div class=\"elementor-widget-container\">\n\t\t\t\t\t\t\t\t\t<p>Hist\u00f3ricamente, la Bah\u00eda del Fangar ha sido un espacio de uso pesquero y acu\u00edcola, con una fuerte tradici\u00f3n en la producci\u00f3n de <strong>marisco<\/strong>, especialmente <strong>mejillones<\/strong> y <strong>ostras rizadas<\/strong>. El cultivo de marisco en la bah\u00eda es una actividad clave para la econom\u00eda local, generando numerosos puestos de trabajo y ofreciendo productos de <strong>excelente calidad<\/strong>. Esta bah\u00eda es una de las m\u00e1s importantes del <strong>Mediterr\u00e1neo espa\u00f1ol<\/strong> en lo que se refiere a la producci\u00f3n acu\u00edcola, gracias a las condiciones favorables que ofrece para el crecimiento de estos moluscos.  <\/p>\n\t\t\t\t\t\t\t\t<\/div>\n\t\t\t\t<\/div>\n\t\t\t\t<\/div>\n\t\t<div class=\"elementor-element elementor-element-1051861 e-con-full e-flex e-con e-child\" data-id=\"1051861\" data-element_type=\"container\" data-e-type=\"container\">\n\t\t\t\t<div class=\"elementor-element elementor-element-23a024d elementor-widget elementor-widget-image\" data-id=\"23a024d\" data-element_type=\"widget\" data-e-type=\"widget\" data-widget_type=\"image.default\">\n\t\t\t\t<div class=\"elementor-widget-container\">\n\t\t\t\t\t\t\t\t\t\t\t\t\t\t\t<img fetchpriority=\"high\" decoding=\"async\" width=\"800\" height=\"616\" src=\"https:\/\/associaciodepuradores.cat\/wp-content\/uploads\/2024\/10\/Badia-del-Fangar-2-min.jpg\" class=\"attachment-large size-large wp-image-535\" alt=\"Badia del Fangar\" srcset=\"https:\/\/associaciodepuradores.cat\/wp-content\/uploads\/2024\/10\/Badia-del-Fangar-2-min.jpg 894w, https:\/\/associaciodepuradores.cat\/wp-content\/uploads\/2024\/10\/Badia-del-Fangar-2-min-300x231.jpg 300w, https:\/\/associaciodepuradores.cat\/wp-content\/uploads\/2024\/10\/Badia-del-Fangar-2-min-768x591.jpg 768w\" sizes=\"(max-width: 800px) 100vw, 800px\" \/>\t\t\t\t\t\t\t\t\t\t\t\t\t\t\t<\/div>\n\t\t\t\t<\/div>\n\t\t\t\t<\/div>\n\t\t\t\t\t<\/div>\n\t\t\t\t<\/div>\n\t\t<div class=\"elementor-element elementor-element-e83be3f e-flex e-con-boxed e-con e-parent\" data-id=\"e83be3f\" data-element_type=\"container\" data-e-type=\"container\">\n\t\t\t\t\t<div class=\"e-con-inner\">\n\t\t<div class=\"elementor-element elementor-element-08190b6 e-con-full e-flex e-con e-child\" data-id=\"08190b6\" data-element_type=\"container\" data-e-type=\"container\">\n\t\t\t\t<div class=\"elementor-element elementor-element-5025bb6 elementor-widget elementor-widget-image\" data-id=\"5025bb6\" data-element_type=\"widget\" data-e-type=\"widget\" data-widget_type=\"image.default\">\n\t\t\t\t<div class=\"elementor-widget-container\">\n\t\t\t\t\t\t\t\t\t\t\t\t\t\t\t<img decoding=\"async\" width=\"650\" height=\"500\" src=\"https:\/\/associaciodepuradores.cat\/wp-content\/uploads\/2024\/10\/Badia-del-Fangar-3-min.jpg\" class=\"attachment-large size-large wp-image-543\" alt=\"Badia del Fangar\" srcset=\"https:\/\/associaciodepuradores.cat\/wp-content\/uploads\/2024\/10\/Badia-del-Fangar-3-min.jpg 650w, https:\/\/associaciodepuradores.cat\/wp-content\/uploads\/2024\/10\/Badia-del-Fangar-3-min-300x231.jpg 300w\" sizes=\"(max-width: 650px) 100vw, 650px\" \/>\t\t\t\t\t\t\t\t\t\t\t\t\t\t\t<\/div>\n\t\t\t\t<\/div>\n\t\t\t\t<\/div>\n\t\t<div class=\"elementor-element elementor-element-578b821 e-con-full e-flex e-con e-child\" data-id=\"578b821\" data-element_type=\"container\" data-e-type=\"container\">\n\t\t\t\t<div class=\"elementor-element elementor-element-3454186 elementor-widget elementor-widget-heading\" data-id=\"3454186\" data-element_type=\"widget\" data-e-type=\"widget\" data-widget_type=\"heading.default\">\n\t\t\t\t<div class=\"elementor-widget-container\">\n\t\t\t\t\t<h3 class=\"elementor-heading-title elementor-size-default\">Condiciones Naturales y Sostenibilidad<\/h3>\t\t\t\t<\/div>\n\t\t\t\t<\/div>\n\t\t\t\t<div class=\"elementor-element elementor-element-000572c elementor-widget-divider--view-line elementor-widget elementor-widget-divider\" data-id=\"000572c\" data-element_type=\"widget\" data-e-type=\"widget\" data-widget_type=\"divider.default\">\n\t\t\t\t<div class=\"elementor-widget-container\">\n\t\t\t\t\t\t\t<div class=\"elementor-divider\">\n\t\t\t<span class=\"elementor-divider-separator\">\n\t\t\t\t\t\t<\/span>\n\t\t<\/div>\n\t\t\t\t\t\t<\/div>\n\t\t\t\t<\/div>\n\t\t\t\t<div class=\"elementor-element elementor-element-8089c76 elementor-widget elementor-widget-text-editor\" data-id=\"8089c76\" data-element_type=\"widget\" data-e-type=\"widget\" data-widget_type=\"text-editor.default\">\n\t\t\t\t<div class=\"elementor-widget-container\">\n\t\t\t\t\t\t\t\t\t<p>La Bah\u00eda del Fangar tiene unas <strong>condiciones \u00fanicas<\/strong> para la cr\u00eda de mejillones y ostras rizadas. Las aguas son poco profundas, tranquilas, y reciben un aporte de nutrientes constante gracias a la proximidad del r\u00edo Ebro y la mezcla con el agua salada del <strong>mar Mediterr\u00e1neo<\/strong>. Esta combinaci\u00f3n crea un entorno rico en <strong>fitoplancton<\/strong>, que es el alimento principal de estos moluscos.  <\/p>\n<p>La acuicultura en la bah\u00eda se realiza siguiendo m\u00e9todos <strong>sostenibles<\/strong>, con el <strong>mejill\u00f3n y la ostra<\/strong> actuando como <strong>filtradores naturales<\/strong>. Estos moluscos pueden filtrar grandes vol\u00famenes de agua al d\u00eda, mejorando la calidad del agua y ayudando a mantener el ecosistema marino equilibrado. <\/p>\n\t\t\t\t\t\t\t\t<\/div>\n\t\t\t\t<\/div>\n\t\t\t\t<\/div>\n\t\t\t\t\t<\/div>\n\t\t\t\t<\/div>\n\t\t<div class=\"elementor-element elementor-element-0ac08e1 e-con-full e-flex e-con e-parent\" data-id=\"0ac08e1\" data-element_type=\"container\" data-e-type=\"container\">\n\t\t<div class=\"elementor-element elementor-element-a8f0515 e-con-full e-flex e-con e-child\" data-id=\"a8f0515\" data-element_type=\"container\" data-e-type=\"container\" data-settings=\"{&quot;background_background&quot;:&quot;classic&quot;}\">\n\t\t\t\t<div class=\"elementor-element elementor-element-8a3cf85 elementor-widget elementor-widget-heading\" data-id=\"8a3cf85\" data-element_type=\"widget\" data-e-type=\"widget\" data-widget_type=\"heading.default\">\n\t\t\t\t<div class=\"elementor-widget-container\">\n\t\t\t\t\t<h3 class=\"elementor-heading-title elementor-size-default\">Curiosidades de la Bah\u00eda del Fangar<\/h3>\t\t\t\t<\/div>\n\t\t\t\t<\/div>\n\t\t\t\t<div class=\"elementor-element elementor-element-a5011b0 elementor-widget-divider--view-line elementor-widget elementor-widget-divider\" data-id=\"a5011b0\" data-element_type=\"widget\" data-e-type=\"widget\" data-widget_type=\"divider.default\">\n\t\t\t\t<div class=\"elementor-widget-container\">\n\t\t\t\t\t\t\t<div class=\"elementor-divider\">\n\t\t\t<span class=\"elementor-divider-separator\">\n\t\t\t\t\t\t<\/span>\n\t\t<\/div>\n\t\t\t\t\t\t<\/div>\n\t\t\t\t<\/div>\n\t\t\t\t<div class=\"elementor-element elementor-element-5d26b8e elementor-widget elementor-widget-text-editor\" data-id=\"5d26b8e\" data-element_type=\"widget\" data-e-type=\"widget\" data-widget_type=\"text-editor.default\">\n\t\t\t\t<div class=\"elementor-widget-container\">\n\t\t\t\t\t\t\t\t\t<p><strong>Faro del Fangar<\/strong>: Este emblem\u00e1tico faro, situado en la <strong>Punta del Fangar<\/strong>, es un punto tur\u00edstico clave y un s\u00edmbolo del Delta del Ebro. Se puede llegar a trav\u00e9s de una ruta que atraviesa las dunas de arena. <\/p>\n<p><strong>Mejilloneras flotantes<\/strong>: Las <strong>mejilloneras<\/strong> de la Bah\u00eda del Fangar, tambi\u00e9n conocidas como <strong>batea<\/strong>, son plataformas flotantes donde se cr\u00edan los mejillones y las ostras. Algunas de estas mejilloneras se han habilitado para actividades tur\u00edsticas, ofreciendo degustaciones de productos directamente en el lugar de producci\u00f3n <\/p>\n\t\t\t\t\t\t\t\t<\/div>\n\t\t\t\t<\/div>\n\t\t\t\t<\/div>\n\t\t<div class=\"elementor-element elementor-element-c0925c7 e-con-full e-flex e-con e-child\" data-id=\"c0925c7\" data-element_type=\"container\" data-e-type=\"container\" data-settings=\"{&quot;background_background&quot;:&quot;classic&quot;}\">\n\t\t\t\t<\/div>\n\t\t\t\t<\/div>\n\t\t<div class=\"elementor-element elementor-element-7ac68c7 e-flex e-con-boxed elementor-invisible e-con e-parent\" data-id=\"7ac68c7\" data-element_type=\"container\" data-e-type=\"container\" data-settings=\"{&quot;animation&quot;:&quot;fadeInUp&quot;}\">\n\t\t\t\t\t<div class=\"e-con-inner\">\n\t\t\t\t<div class=\"elementor-element elementor-element-3e3af2f elementor-widget elementor-widget-heading\" data-id=\"3e3af2f\" data-element_type=\"widget\" data-e-type=\"widget\" data-widget_type=\"heading.default\">\n\t\t\t\t<div class=\"elementor-widget-container\">\n\t\t\t\t\t<h2 class=\"elementor-heading-title elementor-size-default\">Funci\u00f3n Ecol\u00f3gica y Biodiversidad<\/h2>\t\t\t\t<\/div>\n\t\t\t\t<\/div>\n\t\t\t\t<div class=\"elementor-element elementor-element-bd535df elementor-widget elementor-widget-text-editor\" data-id=\"bd535df\" data-element_type=\"widget\" data-e-type=\"widget\" data-widget_type=\"text-editor.default\">\n\t\t\t\t<div class=\"elementor-widget-container\">\n\t\t\t\t\t\t\t\t\t<p>Adem\u00e1s de la producci\u00f3n acu\u00edcola, la Bah\u00eda del Fangar es un punto clave para la <strong>biodiversidad<\/strong> del Delta del Ebro. Su proximidad a la <strong>Punta del Fangar<\/strong> ya las <strong>dunas de arena<\/strong> hace de este \u00e1rea un h\u00e1bitat importante para muchas especies de aves migratorias, como los <strong>flamencos<\/strong> y otras aves acu\u00e1ticas. Las praderas submarinas de <strong><em>Zostera noltii<\/em><\/strong> y <em><strong>Cymodocea nodosa<\/strong><\/em> tambi\u00e9n son fundamentales para mantener la riqueza ecol\u00f3gica de la bah\u00eda.  <\/p>\n\t\t\t\t\t\t\t\t<\/div>\n\t\t\t\t<\/div>\n\t\t<div class=\"elementor-element elementor-element-0a7afb1 e-grid e-con-full e-con e-child\" data-id=\"0a7afb1\" data-element_type=\"container\" data-e-type=\"container\">\n\t\t\t\t<div class=\"elementor-element elementor-element-1b682b5 elementor-widget elementor-widget-image\" data-id=\"1b682b5\" data-element_type=\"widget\" data-e-type=\"widget\" data-widget_type=\"image.default\">\n\t\t\t\t<div class=\"elementor-widget-container\">\n\t\t\t\t\t\t\t\t\t\t\t\t\t\t\t<img decoding=\"async\" width=\"800\" height=\"400\" src=\"https:\/\/associaciodepuradores.cat\/wp-content\/uploads\/2024\/10\/Associacio-de-Depuradores-de-Catalunya-3-min-1024x512.jpg\" class=\"attachment-large size-large wp-image-549\" alt=\"Badia del Fangar\" srcset=\"https:\/\/associaciodepuradores.cat\/wp-content\/uploads\/2024\/10\/Associacio-de-Depuradores-de-Catalunya-3-min-1024x512.jpg 1024w, https:\/\/associaciodepuradores.cat\/wp-content\/uploads\/2024\/10\/Associacio-de-Depuradores-de-Catalunya-3-min-300x150.jpg 300w, https:\/\/associaciodepuradores.cat\/wp-content\/uploads\/2024\/10\/Associacio-de-Depuradores-de-Catalunya-3-min-768x384.jpg 768w, https:\/\/associaciodepuradores.cat\/wp-content\/uploads\/2024\/10\/Associacio-de-Depuradores-de-Catalunya-3-min-1536x768.jpg 1536w, https:\/\/associaciodepuradores.cat\/wp-content\/uploads\/2024\/10\/Associacio-de-Depuradores-de-Catalunya-3-min.jpg 1600w\" sizes=\"(max-width: 800px) 100vw, 800px\" \/>\t\t\t\t\t\t\t\t\t\t\t\t\t\t\t<\/div>\n\t\t\t\t<\/div>\n\t\t\t\t<div class=\"elementor-element elementor-element-b1ed6f4 elementor-widget elementor-widget-shortcode\" data-id=\"b1ed6f4\" data-element_type=\"widget\" data-e-type=\"widget\" data-widget_type=\"shortcode.default\">\n\t\t\t\t<div class=\"elementor-widget-container\">\n\t\t\t\t\t\t\t<div class=\"elementor-shortcode\"><iframe src=\"https:\/\/www.google.com\/maps\/embed?pb=!1m18!1m12!1m3!1d3021.7989950695596!2d0.7370869000000001!3d40.766445499999996!2m3!1f0!2f0!3f0!3m2!1i1024!2i768!4f13.1!3m3!1m2!1s0x12a105ca62c2dc3d%3A0x18a238450bd2adba!2sBah%C3%ADa%20del%20Fangar!5e0!3m2!1ses!2ses!4v1727890436363!5m2!1ses!2ses\" width=\"600\" height=\"275\" style=\"border:0;\" allowfullscreen=\"\" loading=\"lazy\" referrerpolicy=\"no-referrer-when-downgrade\"><\/iframe><\/div>\n\t\t\t\t\t\t<\/div>\n\t\t\t\t<\/div>\n\t\t\t\t<\/div>\n\t\t\t\t<div class=\"elementor-element elementor-element-c502668 elementor-widget elementor-widget-text-editor\" data-id=\"c502668\" data-element_type=\"widget\" data-e-type=\"widget\" data-widget_type=\"text-editor.default\">\n\t\t\t\t<div class=\"elementor-widget-container\">\n\t\t\t\t\t\t\t\t\t<p>La <strong>Bah\u00eda del Fangar<\/strong> no s\u00f3lo es un centro de producci\u00f3n de marisco de gran valor, sino tambi\u00e9n un tesoro ecol\u00f3gico que combina la sostenibilidad con el desarrollo econ\u00f3mico local.<\/p>\n\t\t\t\t\t\t\t\t<\/div>\n\t\t\t\t<\/div>\n\t\t\t\t\t<\/div>\n\t\t\t\t<\/div>\n\t\t<div class=\"elementor-element elementor-element-d3736f9 e-flex e-con-boxed e-con e-parent\" data-id=\"d3736f9\" data-element_type=\"container\" data-e-type=\"container\" data-settings=\"{&quot;background_background&quot;:&quot;classic&quot;}\">\n\t\t\t\t\t<div class=\"e-con-inner\">\n\t\t<div class=\"elementor-element elementor-element-6ad971b e-con-full e-flex e-con e-child\" data-id=\"6ad971b\" data-element_type=\"container\" data-e-type=\"container\">\n\t\t\t\t<div class=\"elementor-element elementor-element-e59684b elementor-widget elementor-widget-heading\" data-id=\"e59684b\" data-element_type=\"widget\" data-e-type=\"widget\" data-widget_type=\"heading.default\">\n\t\t\t\t<div class=\"elementor-widget-container\">\n\t\t\t\t\t<div class=\"elementor-heading-title elementor-size-default\">\u00bfERAS UNA DEPURADORA DE CATALU\u00d1A Y QUIERES FORMAR PARTE?<\/div>\t\t\t\t<\/div>\n\t\t\t\t<\/div>\n\t\t\t\t<\/div>\n\t\t<div class=\"elementor-element elementor-element-0d4f730 e-con-full e-flex e-con e-child\" data-id=\"0d4f730\" data-element_type=\"container\" data-e-type=\"container\">\n\t\t\t\t<div class=\"elementor-element elementor-element-af345e8 elementor-align-center elementor-widget elementor-widget-button\" data-id=\"af345e8\" data-element_type=\"widget\" data-e-type=\"widget\" data-widget_type=\"button.default\">\n\t\t\t\t<div class=\"elementor-widget-container\">\n\t\t\t\t\t\t\t\t\t<div class=\"elementor-button-wrapper\">\n\t\t\t\t\t<a class=\"elementor-button elementor-button-link elementor-size-sm elementor-animation-bob\" href=\"https:\/\/associaciodepuradores.cat\/es\/asociate\/\">\n\t\t\t\t\t\t<span class=\"elementor-button-content-wrapper\">\n\t\t\t\t\t\t<span class=\"elementor-button-icon\">\n\t\t\t\t<svg aria-hidden=\"true\" class=\"e-font-icon-svg e-far-paper-plane\" viewBox=\"0 0 512 512\" xmlns=\"http:\/\/www.w3.org\/2000\/svg\"><path d=\"M440 6.5L24 246.4c-34.4 19.9-31.1 70.8 5.7 85.9L144 379.6V464c0 46.4 59.2 65.5 86.6 28.6l43.8-59.1 111.9 46.2c5.9 2.4 12.1 3.6 18.3 3.6 8.2 0 16.3-2.1 23.6-6.2 12.8-7.2 21.6-20 23.9-34.5l59.4-387.2c6.1-40.1-36.9-68.8-71.5-48.9zM192 464v-64.6l36.6 15.1L192 464zm212.6-28.7l-153.8-63.5L391 169.5c10.7-15.5-9.5-33.5-23.7-21.2L155.8 332.6 48 288 464 48l-59.4 387.3z\"><\/path><\/svg>\t\t\t<\/span>\n\t\t\t\t\t\t\t\t\t<span class=\"elementor-button-text\">Unirme a la Asociaci\u00f3n<\/span>\n\t\t\t\t\t<\/span>\n\t\t\t\t\t<\/a>\n\t\t\t\t<\/div>\n\t\t\t\t\t\t\t\t<\/div>\n\t\t\t\t<\/div>\n\t\t\t\t<\/div>\n\t\t\t\t\t<\/div>\n\t\t\t\t<\/div>\n\t\t\t\t<\/div>\n\t\t","protected":false},"excerpt":{"rendered":"<p>Bah\u00eda del Fangar Clave para la Cr\u00eda de Mejillones y Ostras Risadas en el Delta del Ebro Introducci\u00f3n y ubicaci\u00f3n La Bah\u00eda del Fangar, situada al norte del Delta del Ebro, en la provincia de Tarragona, en el t\u00e9rmino municipal de Deltebre. Es una de las zonas m\u00e1s importantes para la producci\u00f3n de Mejillones del [&hellip;]<\/p>\n","protected":false},"author":1,"featured_media":0,"parent":0,"menu_order":0,"comment_status":"closed","ping_status":"closed","template":"elementor_header_footer","meta":{"footnotes":""},"class_list":["post-652","page","type-page","status-publish","hentry"],"_links":{"self":[{"href":"https:\/\/associaciodepuradores.cat\/es\/wp-json\/wp\/v2\/pages\/652","targetHints":{"allow":["GET"]}}],"collection":[{"href":"https:\/\/associaciodepuradores.cat\/es\/wp-json\/wp\/v2\/pages"}],"about":[{"href":"https:\/\/associaciodepuradores.cat\/es\/wp-json\/wp\/v2\/types\/page"}],"author":[{"embeddable":true,"href":"https:\/\/associaciodepuradores.cat\/es\/wp-json\/wp\/v2\/users\/1"}],"replies":[{"embeddable":true,"href":"https:\/\/associaciodepuradores.cat\/es\/wp-json\/wp\/v2\/comments?post=652"}],"version-history":[{"count":3,"href":"https:\/\/associaciodepuradores.cat\/es\/wp-json\/wp\/v2\/pages\/652\/revisions"}],"predecessor-version":[{"id":657,"href":"https:\/\/associaciodepuradores.cat\/es\/wp-json\/wp\/v2\/pages\/652\/revisions\/657"}],"wp:attachment":[{"href":"https:\/\/associaciodepuradores.cat\/es\/wp-json\/wp\/v2\/media?parent=652"}],"curies":[{"name":"wp","href":"https:\/\/api.w.org\/{rel}","templated":true}]}}