{"id":658,"date":"2024-10-02T17:40:56","date_gmt":"2024-10-02T15:40:56","guid":{"rendered":"https:\/\/associaciodepuradores.cat\/bahia-de-los-alfaques\/"},"modified":"2024-10-03T08:17:15","modified_gmt":"2024-10-03T06:17:15","slug":"bahia-de-los-alfaques","status":"publish","type":"page","link":"https:\/\/associaciodepuradores.cat\/es\/bahia-de-los-alfaques\/","title":{"rendered":"Bah\u00eda de los Alfaques"},"content":{"rendered":"\t\t<div data-elementor-type=\"wp-page\" data-elementor-id=\"658\" class=\"elementor elementor-658 elementor-499\" data-elementor-post-type=\"page\">\n\t\t\t\t<div class=\"elementor-element elementor-element-00ea98e e-flex e-con-boxed e-con e-parent\" data-id=\"00ea98e\" data-element_type=\"container\" data-e-type=\"container\" data-settings=\"{&quot;background_background&quot;:&quot;classic&quot;}\">\n\t\t\t\t\t<div class=\"e-con-inner\">\n\t\t\t\t<div class=\"elementor-element elementor-element-4d38d1a elementor-widget elementor-widget-heading\" data-id=\"4d38d1a\" data-element_type=\"widget\" data-e-type=\"widget\" data-widget_type=\"heading.default\">\n\t\t\t\t<div class=\"elementor-widget-container\">\n\t\t\t\t\t<h1 class=\"elementor-heading-title elementor-size-default\">Bah\u00eda de los Alfaques<\/h1>\t\t\t\t<\/div>\n\t\t\t\t<\/div>\n\t\t\t\t<div class=\"elementor-element elementor-element-7efae86 elementor-widget elementor-widget-heading\" data-id=\"7efae86\" data-element_type=\"widget\" data-e-type=\"widget\" data-widget_type=\"heading.default\">\n\t\t\t\t<div class=\"elementor-widget-container\">\n\t\t\t\t\t<h2 class=\"elementor-heading-title elementor-size-default\">Clave en la Producci\u00f3n de Mejillones y Ostras Rizadas del Delta del Ebro<\/h2>\t\t\t\t<\/div>\n\t\t\t\t<\/div>\n\t\t\t\t\t<\/div>\n\t\t\t\t<\/div>\n\t\t<div class=\"elementor-element elementor-element-b5fec5f e-flex e-con-boxed elementor-invisible e-con e-parent\" data-id=\"b5fec5f\" data-element_type=\"container\" data-e-type=\"container\" data-settings=\"{&quot;animation&quot;:&quot;fadeInUp&quot;}\">\n\t\t\t\t\t<div class=\"e-con-inner\">\n\t\t\t\t<div class=\"elementor-element elementor-element-0203e8b elementor-widget elementor-widget-heading\" data-id=\"0203e8b\" data-element_type=\"widget\" data-e-type=\"widget\" data-widget_type=\"heading.default\">\n\t\t\t\t<div class=\"elementor-widget-container\">\n\t\t\t\t\t<h2 class=\"elementor-heading-title elementor-size-default\">Introducci\u00f3n y ubicaci\u00f3n<\/h2>\t\t\t\t<\/div>\n\t\t\t\t<\/div>\n\t\t\t\t<div class=\"elementor-element elementor-element-03e11ef elementor-widget elementor-widget-text-editor\" data-id=\"03e11ef\" data-element_type=\"widget\" data-e-type=\"widget\" data-widget_type=\"text-editor.default\">\n\t\t\t\t<div class=\"elementor-widget-container\">\n\t\t\t\t\t\t\t\t\t<p>La<strong> Bah\u00eda de los Alfacs<\/strong>, en el sur del <strong>Delta del Ebro<\/strong>, en la costa de <strong>Tarragona<\/strong>, Catalu\u00f1a. Es una de las bah\u00edas naturales m\u00e1s grandes del Mediterr\u00e1neo y est\u00e1 ubicada entre la<strong> Punta de la Banya<\/strong> y la barra de arena del <strong>Trabucador<\/strong>, que la separa del mar abierto. es una de las zonas de producci\u00f3n m\u00e1s importantes para el cultivo de <strong>mejillones y ostras rizadas del Delta<\/strong>.   <\/p>\n<p>Esta bah\u00eda no s\u00f3lo ofrece un entorno privilegiado para la cr\u00eda de estos moluscos, sino que tambi\u00e9n es un ecosistema fundamental para la sostenibilidad del sector acu\u00edcola en Catalu\u00f1a. Vamos a ver por qu\u00e9 esta bah\u00eda es tan especial para la producci\u00f3n de marisco y cu\u00e1les son sus particularidades. <\/p>\n<p>Forma parte del <strong>Parque Natural del Delta del Ebro<\/strong>, y se encuentra mayoritariamente dentro del t\u00e9rmino municipal de <strong>San Carlos de la R\u00e1pita<\/strong>, con parte de su costa perteneciente tambi\u00e9n a <strong>Amposta<\/strong>. Su posici\u00f3n estrat\u00e9gica ha sido crucial para la pesca, acuicultura y otras actividades econ\u00f3micas de la zona. <\/p>\n\t\t\t\t\t\t\t\t<\/div>\n\t\t\t\t<\/div>\n\t\t\t\t<div class=\"elementor-element elementor-element-66660e1 elementor-align-center elementor-mobile-align-justify elementor-widget elementor-widget-button\" data-id=\"66660e1\" data-element_type=\"widget\" data-e-type=\"widget\" data-widget_type=\"button.default\">\n\t\t\t\t<div class=\"elementor-widget-container\">\n\t\t\t\t\t\t\t\t\t<div class=\"elementor-button-wrapper\">\n\t\t\t\t\t<a class=\"elementor-button elementor-button-link elementor-size-sm elementor-animation-bob\" href=\"https:\/\/maps.app.goo.gl\/LKEdypvS2BuXwsVN8\" target=\"_blank\" rel=\"nofollow noopener\">\n\t\t\t\t\t\t<span class=\"elementor-button-content-wrapper\">\n\t\t\t\t\t\t<span class=\"elementor-button-icon\">\n\t\t\t\t<svg aria-hidden=\"true\" class=\"e-font-icon-svg e-fas-chevron-circle-right\" viewBox=\"0 0 512 512\" xmlns=\"http:\/\/www.w3.org\/2000\/svg\"><path d=\"M256 8c137 0 248 111 248 248S393 504 256 504 8 393 8 256 119 8 256 8zm113.9 231L234.4 103.5c-9.4-9.4-24.6-9.4-33.9 0l-17 17c-9.4 9.4-9.4 24.6 0 33.9L285.1 256 183.5 357.6c-9.4 9.4-9.4 24.6 0 33.9l17 17c9.4 9.4 24.6 9.4 33.9 0L369.9 273c9.4-9.4 9.4-24.6 0-34z\"><\/path><\/svg>\t\t\t<\/span>\n\t\t\t\t\t\t\t\t\t<span class=\"elementor-button-text\">Ver en Google Maps<\/span>\n\t\t\t\t\t<\/span>\n\t\t\t\t\t<\/a>\n\t\t\t\t<\/div>\n\t\t\t\t\t\t\t\t<\/div>\n\t\t\t\t<\/div>\n\t\t\t\t\t<\/div>\n\t\t\t\t<\/div>\n\t\t<div class=\"elementor-element elementor-element-3c11e59 e-flex e-con-boxed e-con e-parent\" data-id=\"3c11e59\" data-element_type=\"container\" data-e-type=\"container\">\n\t\t\t\t\t<div class=\"e-con-inner\">\n\t\t\t\t<div class=\"elementor-element elementor-element-c24fde8 elementor-widget-divider--view-line elementor-widget elementor-widget-divider\" data-id=\"c24fde8\" data-element_type=\"widget\" data-e-type=\"widget\" data-widget_type=\"divider.default\">\n\t\t\t\t<div class=\"elementor-widget-container\">\n\t\t\t\t\t\t\t<div class=\"elementor-divider\">\n\t\t\t<span class=\"elementor-divider-separator\">\n\t\t\t\t\t\t<\/span>\n\t\t<\/div>\n\t\t\t\t\t\t<\/div>\n\t\t\t\t<\/div>\n\t\t\t\t\t<\/div>\n\t\t\t\t<\/div>\n\t\t<div class=\"elementor-element elementor-element-412e880 e-flex e-con-boxed e-con e-parent\" data-id=\"412e880\" data-element_type=\"container\" data-e-type=\"container\">\n\t\t\t\t\t<div class=\"e-con-inner\">\n\t\t<div class=\"elementor-element elementor-element-1e9e55b e-con-full e-flex e-con e-child\" data-id=\"1e9e55b\" data-element_type=\"container\" data-e-type=\"container\">\n\t\t\t\t<div class=\"elementor-element elementor-element-611271b elementor-widget elementor-widget-heading\" data-id=\"611271b\" data-element_type=\"widget\" data-e-type=\"widget\" data-widget_type=\"heading.default\">\n\t\t\t\t<div class=\"elementor-widget-container\">\n\t\t\t\t\t<h3 class=\"elementor-heading-title elementor-size-default\">Historia de la Bah\u00eda de los Alfaques<\/h3>\t\t\t\t<\/div>\n\t\t\t\t<\/div>\n\t\t\t\t<div class=\"elementor-element elementor-element-7661c2f elementor-widget-divider--view-line elementor-widget elementor-widget-divider\" data-id=\"7661c2f\" data-element_type=\"widget\" data-e-type=\"widget\" data-widget_type=\"divider.default\">\n\t\t\t\t<div class=\"elementor-widget-container\">\n\t\t\t\t\t\t\t<div class=\"elementor-divider\">\n\t\t\t<span class=\"elementor-divider-separator\">\n\t\t\t\t\t\t<\/span>\n\t\t<\/div>\n\t\t\t\t\t\t<\/div>\n\t\t\t\t<\/div>\n\t\t\t\t<div class=\"elementor-element elementor-element-16970ad elementor-widget elementor-widget-text-editor\" data-id=\"16970ad\" data-element_type=\"widget\" data-e-type=\"widget\" data-widget_type=\"text-editor.default\">\n\t\t\t\t<div class=\"elementor-widget-container\">\n\t\t\t\t\t\t\t\t\t<p>El cultivo de marisco en la <strong>Bah\u00eda de los Alfacs <\/strong>tiene una larga tradici\u00f3n, que se remonta a d\u00e9cadas atr\u00e1s. Desde finales del siglo XX, las condiciones de las aguas de la bah\u00eda han sido reconocidas como <strong>\u00f3ptimas para la cr\u00eda de mejillones y ostras rizadas<\/strong>. La combinaci\u00f3n de agua <strong>dulce<\/strong> proveniente del r\u00edo Ebro y el agua <strong>salada<\/strong> del Mediterr\u00e1neo crea una mezcla \u00fanica que favorece el crecimiento saludable de estos moluscos, proporcion\u00e1ndoles un <strong>sabor \u00fanico y una calidad excepcional<\/strong>.  <\/p>\n<p>La producci\u00f3n en la bah\u00eda ha estado siempre vinculada a t\u00e9cnicas <strong>sostenibles<\/strong>, lo que garantiza tanto la calidad del producto como la preservaci\u00f3n del delicado ecosistema del Delta del Ebro. Las bah\u00edas como la de los Alfacs tienen un papel fundamental en la <strong>econom\u00eda local<\/strong>, apoyando a comunidades de pescadores y productores de marisco. <\/p>\n\t\t\t\t\t\t\t\t<\/div>\n\t\t\t\t<\/div>\n\t\t\t\t<\/div>\n\t\t<div class=\"elementor-element elementor-element-376d26d e-con-full e-flex e-con e-child\" data-id=\"376d26d\" data-element_type=\"container\" data-e-type=\"container\">\n\t\t\t\t<div class=\"elementor-element elementor-element-c6e9656 elementor-widget elementor-widget-image\" data-id=\"c6e9656\" data-element_type=\"widget\" data-e-type=\"widget\" data-widget_type=\"image.default\">\n\t\t\t\t<div class=\"elementor-widget-container\">\n\t\t\t\t\t\t\t\t\t\t\t\t\t\t\t<img fetchpriority=\"high\" decoding=\"async\" width=\"800\" height=\"616\" src=\"https:\/\/associaciodepuradores.cat\/wp-content\/uploads\/2024\/10\/Badia-del-Fangar-1-min.jpg\" class=\"attachment-large size-large wp-image-509\" alt=\"Badia dels Alfacs\" srcset=\"https:\/\/associaciodepuradores.cat\/wp-content\/uploads\/2024\/10\/Badia-del-Fangar-1-min.jpg 894w, https:\/\/associaciodepuradores.cat\/wp-content\/uploads\/2024\/10\/Badia-del-Fangar-1-min-300x231.jpg 300w, https:\/\/associaciodepuradores.cat\/wp-content\/uploads\/2024\/10\/Badia-del-Fangar-1-min-768x591.jpg 768w\" sizes=\"(max-width: 800px) 100vw, 800px\" \/>\t\t\t\t\t\t\t\t\t\t\t\t\t\t\t<\/div>\n\t\t\t\t<\/div>\n\t\t\t\t<\/div>\n\t\t\t\t\t<\/div>\n\t\t\t\t<\/div>\n\t\t<div class=\"elementor-element elementor-element-543a130 e-flex e-con-boxed e-con e-parent\" data-id=\"543a130\" data-element_type=\"container\" data-e-type=\"container\">\n\t\t\t\t\t<div class=\"e-con-inner\">\n\t\t<div class=\"elementor-element elementor-element-6170927 e-con-full e-flex e-con e-child\" data-id=\"6170927\" data-element_type=\"container\" data-e-type=\"container\">\n\t\t\t\t<div class=\"elementor-element elementor-element-e80c841 elementor-widget elementor-widget-image\" data-id=\"e80c841\" data-element_type=\"widget\" data-e-type=\"widget\" data-widget_type=\"image.default\">\n\t\t\t\t<div class=\"elementor-widget-container\">\n\t\t\t\t\t\t\t\t\t\t\t\t\t\t\t<img decoding=\"async\" width=\"650\" height=\"500\" src=\"https:\/\/associaciodepuradores.cat\/wp-content\/uploads\/2024\/10\/Badia-del-Fangar-min-1.jpg\" class=\"attachment-large size-large wp-image-505\" alt=\"Badia dels Alfacs\" srcset=\"https:\/\/associaciodepuradores.cat\/wp-content\/uploads\/2024\/10\/Badia-del-Fangar-min-1.jpg 650w, https:\/\/associaciodepuradores.cat\/wp-content\/uploads\/2024\/10\/Badia-del-Fangar-min-1-300x231.jpg 300w\" sizes=\"(max-width: 650px) 100vw, 650px\" \/>\t\t\t\t\t\t\t\t\t\t\t\t\t\t\t<\/div>\n\t\t\t\t<\/div>\n\t\t\t\t<\/div>\n\t\t<div class=\"elementor-element elementor-element-544c2a6 e-con-full e-flex e-con e-child\" data-id=\"544c2a6\" data-element_type=\"container\" data-e-type=\"container\">\n\t\t\t\t<div class=\"elementor-element elementor-element-4bc9a49 elementor-widget elementor-widget-heading\" data-id=\"4bc9a49\" data-element_type=\"widget\" data-e-type=\"widget\" data-widget_type=\"heading.default\">\n\t\t\t\t<div class=\"elementor-widget-container\">\n\t\t\t\t\t<h3 class=\"elementor-heading-title elementor-size-default\">Zonas de Cr\u00eda y Condiciones \u00danicas para Mejillones y Ostras Risadas<\/h3>\t\t\t\t<\/div>\n\t\t\t\t<\/div>\n\t\t\t\t<div class=\"elementor-element elementor-element-4e9f6ca elementor-widget-divider--view-line elementor-widget elementor-widget-divider\" data-id=\"4e9f6ca\" data-element_type=\"widget\" data-e-type=\"widget\" data-widget_type=\"divider.default\">\n\t\t\t\t<div class=\"elementor-widget-container\">\n\t\t\t\t\t\t\t<div class=\"elementor-divider\">\n\t\t\t<span class=\"elementor-divider-separator\">\n\t\t\t\t\t\t<\/span>\n\t\t<\/div>\n\t\t\t\t\t\t<\/div>\n\t\t\t\t<\/div>\n\t\t\t\t<div class=\"elementor-element elementor-element-1307342 elementor-widget elementor-widget-text-editor\" data-id=\"1307342\" data-element_type=\"widget\" data-e-type=\"widget\" data-widget_type=\"text-editor.default\">\n\t\t\t\t<div class=\"elementor-widget-container\">\n\t\t\t\t\t\t\t\t\t<p>La <strong>Bah\u00eda dels Alfacs<\/strong> se caracteriza por sus <strong>aguas tranquilas y poco profundas<\/strong>, con una extensi\u00f3n de <strong>50 km\u00b2<\/strong> y una profundidad media de s\u00f3lo <strong>4 metros<\/strong>. Estas condiciones son ideales para la cr\u00eda de <strong>mejillones<\/strong> y <strong>ostras rizadas<\/strong>, ya que la tranquilidad de las aguas permite que los moluscos se desarrollen sin el impacto de fuertes corrientes mar\u00edtimas. <\/p>\n<p>El <strong>fitoplancton<\/strong> es un elemento clave en la alimentaci\u00f3n de estos mariscos. En la Bah\u00eda dels Alfacs, la mezcla de nutrientes aportados por el agua dulce del r\u00edo Ebro y los sedimentos que se acumulan crea una rica concentraci\u00f3n de <strong>fitoplancton<\/strong>, que es el alimento principal de los <strong>mejillones<\/strong> y las <strong>ostras<\/strong>. Este factor resulta esencial para garantizar una <strong>producci\u00f3n de calidad<\/strong>.  <\/p>\n\t\t\t\t\t\t\t\t<\/div>\n\t\t\t\t<\/div>\n\t\t\t\t<\/div>\n\t\t\t\t\t<\/div>\n\t\t\t\t<\/div>\n\t\t<div class=\"elementor-element elementor-element-d06903f e-con-full e-flex e-con e-parent\" data-id=\"d06903f\" data-element_type=\"container\" data-e-type=\"container\">\n\t\t<div class=\"elementor-element elementor-element-661821c e-con-full e-flex e-con e-child\" data-id=\"661821c\" data-element_type=\"container\" data-e-type=\"container\" data-settings=\"{&quot;background_background&quot;:&quot;classic&quot;}\">\n\t\t\t\t<div class=\"elementor-element elementor-element-967ca44 elementor-widget elementor-widget-heading\" data-id=\"967ca44\" data-element_type=\"widget\" data-e-type=\"widget\" data-widget_type=\"heading.default\">\n\t\t\t\t<div class=\"elementor-widget-container\">\n\t\t\t\t\t<h3 class=\"elementor-heading-title elementor-size-default\">Zonas de Cr\u00eda<\/h3>\t\t\t\t<\/div>\n\t\t\t\t<\/div>\n\t\t\t\t<div class=\"elementor-element elementor-element-ab0e68b elementor-widget-divider--view-line elementor-widget elementor-widget-divider\" data-id=\"ab0e68b\" data-element_type=\"widget\" data-e-type=\"widget\" data-widget_type=\"divider.default\">\n\t\t\t\t<div class=\"elementor-widget-container\">\n\t\t\t\t\t\t\t<div class=\"elementor-divider\">\n\t\t\t<span class=\"elementor-divider-separator\">\n\t\t\t\t\t\t<\/span>\n\t\t<\/div>\n\t\t\t\t\t\t<\/div>\n\t\t\t\t<\/div>\n\t\t\t\t<div class=\"elementor-element elementor-element-147e4e5 elementor-widget elementor-widget-text-editor\" data-id=\"147e4e5\" data-element_type=\"widget\" data-e-type=\"widget\" data-widget_type=\"text-editor.default\">\n\t\t\t\t<div class=\"elementor-widget-container\">\n\t\t\t\t\t\t\t\t\t<p>Las <strong>mejilloneras<\/strong> y las <strong>ostreras<\/strong> est\u00e1n distribuidas por diversas zonas de la bah\u00eda, donde se utilizan <strong>estructuras flotantes<\/strong> (boyas y cuerdas) para el cultivo. Las semillas de mejillones y ostras se fijan a estas estructuras, donde crecen durante varios meses hasta alcanzar el tama\u00f1o adecuado para su comercializaci\u00f3n. <\/p>\n\t\t\t\t\t\t\t\t<\/div>\n\t\t\t\t<\/div>\n\t\t\t\t<\/div>\n\t\t<div class=\"elementor-element elementor-element-40c62ff e-con-full e-flex e-con e-child\" data-id=\"40c62ff\" data-element_type=\"container\" data-e-type=\"container\" data-settings=\"{&quot;background_background&quot;:&quot;classic&quot;}\">\n\t\t\t\t<\/div>\n\t\t\t\t<\/div>\n\t\t<div class=\"elementor-element elementor-element-45683b0 e-flex e-con-boxed elementor-invisible e-con e-parent\" data-id=\"45683b0\" data-element_type=\"container\" data-e-type=\"container\" data-settings=\"{&quot;animation&quot;:&quot;fadeInUp&quot;}\">\n\t\t\t\t\t<div class=\"e-con-inner\">\n\t\t\t\t<div class=\"elementor-element elementor-element-f3f2d50 elementor-widget elementor-widget-heading\" data-id=\"f3f2d50\" data-element_type=\"widget\" data-e-type=\"widget\" data-widget_type=\"heading.default\">\n\t\t\t\t<div class=\"elementor-widget-container\">\n\t\t\t\t\t<h2 class=\"elementor-heading-title elementor-size-default\">Funci\u00f3n Econ\u00f3mica y Sostenibilidad de la Bah\u00eda de los Alfaques<\/h2>\t\t\t\t<\/div>\n\t\t\t\t<\/div>\n\t\t\t\t<div class=\"elementor-element elementor-element-c0e018e elementor-widget elementor-widget-text-editor\" data-id=\"c0e018e\" data-element_type=\"widget\" data-e-type=\"widget\" data-widget_type=\"text-editor.default\">\n\t\t\t\t<div class=\"elementor-widget-container\">\n\t\t\t\t\t\t\t\t\t<p>La <strong>Bah\u00eda de los Alfaques<\/strong> es la principal zona de producci\u00f3n de marisco del <strong>Delta del Ebro<\/strong>, contribuyendo de forma significativa a la econom\u00eda local. Se producen anualmente aproximadamente <strong>4.000 toneladas de mejillones<\/strong> y <strong>800 toneladas de ostras rizadas<\/strong>, lo que la sit\u00faa como una de las zonas m\u00e1s productivas del <strong>Mediterr\u00e1neo espa\u00f1ol<\/strong>. Esta actividad genera numerosos puestos de trabajo directos e indirectos, impulsando la econom\u00eda del Delta y asegurando la preservaci\u00f3n de las pr\u00e1cticas <strong>sostenibles<\/strong>.  <\/p>\n\t\t\t\t\t\t\t\t<\/div>\n\t\t\t\t<\/div>\n\t\t<div class=\"elementor-element elementor-element-848be6b e-grid e-con-full e-con e-child\" data-id=\"848be6b\" data-element_type=\"container\" data-e-type=\"container\">\n\t\t\t\t<div class=\"elementor-element elementor-element-7667616 elementor-widget elementor-widget-image\" data-id=\"7667616\" data-element_type=\"widget\" data-e-type=\"widget\" data-widget_type=\"image.default\">\n\t\t\t\t<div class=\"elementor-widget-container\">\n\t\t\t\t\t\t\t\t\t\t\t\t\t\t\t<img decoding=\"async\" width=\"800\" height=\"400\" src=\"https:\/\/associaciodepuradores.cat\/wp-content\/uploads\/2024\/10\/Associacio-de-Depuradores-de-Catalunya-2-min-1024x512.jpg\" class=\"attachment-large size-large wp-image-513\" alt=\"Badia dels Alfacs\" srcset=\"https:\/\/associaciodepuradores.cat\/wp-content\/uploads\/2024\/10\/Associacio-de-Depuradores-de-Catalunya-2-min-1024x512.jpg 1024w, https:\/\/associaciodepuradores.cat\/wp-content\/uploads\/2024\/10\/Associacio-de-Depuradores-de-Catalunya-2-min-300x150.jpg 300w, https:\/\/associaciodepuradores.cat\/wp-content\/uploads\/2024\/10\/Associacio-de-Depuradores-de-Catalunya-2-min-768x384.jpg 768w, https:\/\/associaciodepuradores.cat\/wp-content\/uploads\/2024\/10\/Associacio-de-Depuradores-de-Catalunya-2-min-1536x768.jpg 1536w, https:\/\/associaciodepuradores.cat\/wp-content\/uploads\/2024\/10\/Associacio-de-Depuradores-de-Catalunya-2-min.jpg 1600w\" sizes=\"(max-width: 800px) 100vw, 800px\" \/>\t\t\t\t\t\t\t\t\t\t\t\t\t\t\t<\/div>\n\t\t\t\t<\/div>\n\t\t\t\t<div class=\"elementor-element elementor-element-b6d5883 elementor-widget elementor-widget-shortcode\" data-id=\"b6d5883\" data-element_type=\"widget\" data-e-type=\"widget\" data-widget_type=\"shortcode.default\">\n\t\t\t\t<div class=\"elementor-widget-container\">\n\t\t\t\t\t\t\t<div class=\"elementor-shortcode\"><iframe src=\"https:\/\/www.google.com\/maps\/embed?pb=!1m18!1m12!1m3!1d10187.915550855318!2d0.657597961035045!3d40.6103517001664!2m3!1f0!2f0!3f0!3m2!1i1024!2i768!4f13.1!3m3!1m2!1s0x12a1ab0e7732e22d%3A0x81f2ac81d5f8bdce!2sBadia%20dels%20Alfacs!5e0!3m2!1ses!2ses!4v1727886879207!5m2!1ses!2ses\" width=\"600\" height=\"275\" style=\"border:0;\" allowfullscreen=\"\" loading=\"lazy\" referrerpolicy=\"no-referrer-when-downgrade\"><\/iframe><\/div>\n\t\t\t\t\t\t<\/div>\n\t\t\t\t<\/div>\n\t\t\t\t<\/div>\n\t\t\t\t<div class=\"elementor-element elementor-element-b6b268a elementor-widget elementor-widget-heading\" data-id=\"b6b268a\" data-element_type=\"widget\" data-e-type=\"widget\" data-widget_type=\"heading.default\">\n\t\t\t\t<div class=\"elementor-widget-container\">\n\t\t\t\t\t<h3 class=\"elementor-heading-title elementor-size-default\">Producci\u00f3n Sostenible<\/h3>\t\t\t\t<\/div>\n\t\t\t\t<\/div>\n\t\t\t\t<div class=\"elementor-element elementor-element-0246cc6 elementor-widget elementor-widget-text-editor\" data-id=\"0246cc6\" data-element_type=\"widget\" data-e-type=\"widget\" data-widget_type=\"text-editor.default\">\n\t\t\t\t<div class=\"elementor-widget-container\">\n\t\t\t\t\t\t\t\t\t<p>Uno de los aspectos m\u00e1s destacables de la producci\u00f3n en la Bah\u00eda de los Alfacs es su compromiso con la <strong>sostenibilidad ambiental<\/strong>. Los mejillones y ostras son organismos <strong>filtradores naturales<\/strong>, lo que significa que cada uno de ellos puede filtrar hasta <strong>5 litros de agua por hora<\/strong>, mejorando la calidad del agua y favoreciendo la salud del ecosistema marino. Esto crea un <strong>impacto positivo<\/strong> sobre el entorno, puesto que ayuda a mantener el agua limpia y rica en ox\u00edgeno, esencial para otras especies marinas.  <\/p>\n<p>Este modelo de producci\u00f3n no s\u00f3lo es <strong>resiliente<\/strong> frente a los desaf\u00edos medioambientales, sino que tambi\u00e9n contribuye a mantener un <strong>ecosistema equilibrado<\/strong>. La <strong>Punta de la Banya<\/strong>, que protege la bah\u00eda, es un espacio natural de gran valor ecol\u00f3gico, donde se encuentran especies como el <strong>flamenco<\/strong> y otras aves acu\u00e1ticas. Esta riqueza hace que la bah\u00eda no sea s\u00f3lo clave para la producci\u00f3n de marisco, sino tambi\u00e9n para la preservaci\u00f3n de la biodiversidad.  <\/p>\n\t\t\t\t\t\t\t\t<\/div>\n\t\t\t\t<\/div>\n\t\t\t\t\t<\/div>\n\t\t\t\t<\/div>\n\t\t<div class=\"elementor-element elementor-element-772c383 e-flex e-con-boxed e-con e-parent\" data-id=\"772c383\" data-element_type=\"container\" data-e-type=\"container\" data-settings=\"{&quot;background_background&quot;:&quot;classic&quot;}\">\n\t\t\t\t\t<div class=\"e-con-inner\">\n\t\t<div class=\"elementor-element elementor-element-a51a308 e-con-full e-flex e-con e-child\" data-id=\"a51a308\" data-element_type=\"container\" data-e-type=\"container\">\n\t\t\t\t<div class=\"elementor-element elementor-element-1f1a939 elementor-widget elementor-widget-heading\" data-id=\"1f1a939\" data-element_type=\"widget\" data-e-type=\"widget\" data-widget_type=\"heading.default\">\n\t\t\t\t<div class=\"elementor-widget-container\">\n\t\t\t\t\t<div class=\"elementor-heading-title elementor-size-default\">\u00bfERAS UNA DEPURADORA DE CATALU\u00d1A Y QUIERES FORMAR PARTE?<\/div>\t\t\t\t<\/div>\n\t\t\t\t<\/div>\n\t\t\t\t<\/div>\n\t\t<div class=\"elementor-element elementor-element-118f8d5 e-con-full e-flex e-con e-child\" data-id=\"118f8d5\" data-element_type=\"container\" data-e-type=\"container\">\n\t\t\t\t<div class=\"elementor-element elementor-element-c3e1499 elementor-align-center elementor-widget elementor-widget-button\" data-id=\"c3e1499\" data-element_type=\"widget\" data-e-type=\"widget\" data-widget_type=\"button.default\">\n\t\t\t\t<div class=\"elementor-widget-container\">\n\t\t\t\t\t\t\t\t\t<div class=\"elementor-button-wrapper\">\n\t\t\t\t\t<a class=\"elementor-button elementor-button-link elementor-size-sm elementor-animation-bob\" href=\"https:\/\/associaciodepuradores.cat\/es\/asociate\/\">\n\t\t\t\t\t\t<span class=\"elementor-button-content-wrapper\">\n\t\t\t\t\t\t<span class=\"elementor-button-icon\">\n\t\t\t\t<svg aria-hidden=\"true\" class=\"e-font-icon-svg e-far-paper-plane\" viewBox=\"0 0 512 512\" xmlns=\"http:\/\/www.w3.org\/2000\/svg\"><path d=\"M440 6.5L24 246.4c-34.4 19.9-31.1 70.8 5.7 85.9L144 379.6V464c0 46.4 59.2 65.5 86.6 28.6l43.8-59.1 111.9 46.2c5.9 2.4 12.1 3.6 18.3 3.6 8.2 0 16.3-2.1 23.6-6.2 12.8-7.2 21.6-20 23.9-34.5l59.4-387.2c6.1-40.1-36.9-68.8-71.5-48.9zM192 464v-64.6l36.6 15.1L192 464zm212.6-28.7l-153.8-63.5L391 169.5c10.7-15.5-9.5-33.5-23.7-21.2L155.8 332.6 48 288 464 48l-59.4 387.3z\"><\/path><\/svg>\t\t\t<\/span>\n\t\t\t\t\t\t\t\t\t<span class=\"elementor-button-text\">Unirme a la Asociaci\u00f3n<\/span>\n\t\t\t\t\t<\/span>\n\t\t\t\t\t<\/a>\n\t\t\t\t<\/div>\n\t\t\t\t\t\t\t\t<\/div>\n\t\t\t\t<\/div>\n\t\t\t\t<\/div>\n\t\t\t\t\t<\/div>\n\t\t\t\t<\/div>\n\t\t\t\t<\/div>\n\t\t","protected":false},"excerpt":{"rendered":"<p>Bah\u00eda de los Alfaques Clave en la Producci\u00f3n de Mejillones y Ostras Rizadas del Delta del Ebro Introducci\u00f3n y ubicaci\u00f3n La Bah\u00eda de los Alfacs, en el sur del Delta del Ebro, en la costa de Tarragona, Catalu\u00f1a. Es una de las bah\u00edas naturales m\u00e1s grandes del Mediterr\u00e1neo y est\u00e1 ubicada entre la Punta de [&hellip;]<\/p>\n","protected":false},"author":1,"featured_media":0,"parent":0,"menu_order":0,"comment_status":"closed","ping_status":"closed","template":"elementor_header_footer","meta":{"footnotes":""},"class_list":["post-658","page","type-page","status-publish","hentry"],"_links":{"self":[{"href":"https:\/\/associaciodepuradores.cat\/es\/wp-json\/wp\/v2\/pages\/658","targetHints":{"allow":["GET"]}}],"collection":[{"href":"https:\/\/associaciodepuradores.cat\/es\/wp-json\/wp\/v2\/pages"}],"about":[{"href":"https:\/\/associaciodepuradores.cat\/es\/wp-json\/wp\/v2\/types\/page"}],"author":[{"embeddable":true,"href":"https:\/\/associaciodepuradores.cat\/es\/wp-json\/wp\/v2\/users\/1"}],"replies":[{"embeddable":true,"href":"https:\/\/associaciodepuradores.cat\/es\/wp-json\/wp\/v2\/comments?post=658"}],"version-history":[{"count":1,"href":"https:\/\/associaciodepuradores.cat\/es\/wp-json\/wp\/v2\/pages\/658\/revisions"}],"predecessor-version":[{"id":659,"href":"https:\/\/associaciodepuradores.cat\/es\/wp-json\/wp\/v2\/pages\/658\/revisions\/659"}],"wp:attachment":[{"href":"https:\/\/associaciodepuradores.cat\/es\/wp-json\/wp\/v2\/media?parent=658"}],"curies":[{"name":"wp","href":"https:\/\/api.w.org\/{rel}","templated":true}]}}